{"id":639,"date":"2020-06-05T11:05:48","date_gmt":"2020-06-05T11:05:48","guid":{"rendered":"https:\/\/ragui.com\/?page_id=639"},"modified":"2020-06-05T11:05:48","modified_gmt":"2020-06-05T11:05:48","slug":"politica-de-privacidad-2","status":"publish","type":"page","link":"https:\/\/ragui.com\/zh-hans\/politica-de-privacidad-2\/","title":{"rendered":"Pol\u00edtica de privacidad"},"content":{"rendered":"\n<div class=\"wp-block-cover has-background-dim\" style=\"background-image:url(https:\/\/ragui.com\/wp-content\/uploads\/2020\/04\/cabecera-aviso-legal.jpg);min-height:550px;aspect-ratio:unset;\"><div class=\"wp-block-cover__inner-container is-layout-flow wp-block-cover-is-layout-flow\">\n<div class=\"wp-block-group ancho-limitado-plus\" id=\"title\"><div class=\"wp-block-group__inner-container is-layout-flow wp-block-group-is-layout-flow\">\n<div style=\"height:25px\" aria-hidden=\"true\" class=\"wp-block-spacer\"><\/div>\n\n\n\n<h1 class=\"has-text-color wp-block-heading\" style=\"color:#ffffff\">Pol\u00edtica de privacidad<\/h1>\n\n\n\n<div style=\"height:20px\" aria-hidden=\"true\" class=\"wp-block-spacer\"><\/div>\n\n\n <div class=\"breadcrumbs\"> <span property=\"itemListElement\" typeof=\"ListItem\"><a property=\"item\" typeof=\"WebPage\" title=\"Ir a Ragui.\" href=\"https:\/\/ragui.com\/zh-hans\/\" class=\"home\" aria-current=\"page\"><span property=\"name\">Ragui<\/span><\/a><meta property=\"position\" content=\"1\"><\/span> <\/div> \n<\/div><\/div>\n<\/div><\/div>\n\n\n\n<div style=\"height:100px\" aria-hidden=\"true\" class=\"wp-block-spacer\"><\/div>\n\n\n\n<div class=\"wp-block-group ancho-limitado-plus legal\"><div class=\"wp-block-group__inner-container is-layout-flow wp-block-group-is-layout-flow\">\n<p>De conformidad con lo dispuesto en la Ley Org\u00e1nica 15\/1999, de \nProtecci\u00f3n de Datos de Car\u00e1cter Personal (LOPD) y su normativa de \ndesarrollo, el responsable del sitio web, en cumplimiento de lo \ndispuesto en el art. 5 y 6 de la LOPD, informa a todos los usuarios del \nsitio web que faciliten o vayan a facilitar sus datos personales, que \nestos ser\u00e1n incorporados en un fichero automatizado que se encuentra \ndebidamente inscrito en la Agencia Espa\u00f1ola de Protecci\u00f3n de Datos.<\/p>\n\n\n\n<p>Los usuarios, mediante la marcaci\u00f3n de la casilla, aceptan \nexpresamente y de forma libre e inequ\u00edvoca que sus datos personales sean\n tratados por parte del prestador para realizar las siguientes \nfinalidades:<\/p>\n\n\n\n<ol class=\"wp-block-list\"><li>Remisi\u00f3n de comunicaciones comerciales publicitarias por e-mail, \nfax, SMS, MMS, comunidades sociales o cualesquier otro medio electr\u00f3nico\n o f\u00edsico, presente o futuro, que posibilite realizar comunicaci\u00f3n \ncomerciales. Dichas comunicaciones comerciales ser\u00e1n relacionadas sobre \nproductos o servicios ofrecidos por el prestador, as\u00ed como por parte de \nlos colaboradores o parthners con los que \u00e9ste hubiera alcanzado alg\u00fan \nacuerdo de promoci\u00f3n comercial entre sus clientes. En este caso, los \nterceros nunca tendr\u00e1n acceso a los datos personales. En todo caso las \ncomunicaciones comerciales ser\u00e1n realizadas por parte del prestador y \nser\u00e1n de productos y servicios relacionados con el sector del prestador.<\/li><li>Realizar estudios estad\u00edsticos.<\/li><li>Tramitar encargos, solicitudes o cualquier tipo de petici\u00f3n que sea \nrealizada por el usuario a trav\u00e9s de cualquiera de las formas de \ncontacto que se ponen a disposici\u00f3n del usuario en el sitio web de la \ncompa\u00f1\u00eda.<\/li><li>Remitir el bolet\u00edn de noticias de la p\u00e1gina web.<\/li><\/ol>\n\n\n\n<p>El prestador informa y garantiza expresamente a los usuarios que sus \ndatos personales no ser\u00e1n cedidos en ning\u00fan caso a terceras compa\u00f1\u00edas, y\n que siempre que fuera a realizarse alg\u00fan tipo de cesi\u00f3n de datos \npersonales, de forma previa, se solicitar\u00eda el consentimiento expreso, \ninformado, e inequ\u00edvoco por parte de los titulares.<\/p>\n\n\n\n<p>Todos los datos solicitados a trav\u00e9s del sitio web son obligatorios, \nya que son necesarios para la prestaci\u00f3n de un servicio \u00f3ptimo al \nusuario. En caso de que no sean facilitados todos los datos, el \nprestador no garantiza que la informaci\u00f3n y servicios facilitados sean \ncompletamente ajustados a sus necesidades.<\/p>\n\n\n\n<p>El prestador garantiza en todo caso al usuario el ejercicio de los \nderechos de acceso, rectificaci\u00f3n, cancelaci\u00f3n, informaci\u00f3n y oposici\u00f3n,\n en los t\u00e9rminos dispuestos en la legislaci\u00f3n vigente. Por ello, de \nconformidad con lo dispuesto en la Ley Org\u00e1nica 15\/1999, de Protecci\u00f3n \nde Datos de Car\u00e1cter Personal (LOPD) podr\u00e1 ejercer sus derechos \nremitiendo una solicitud expresa, junto a una copia de su DNI, a trav\u00e9s \ndel correo electr\u00f3nico<\/p>\n\n\n\n<p>Del mismo modo, el usuario podr\u00e1 darse de baja de cualquiera de los \nservicios de suscripci\u00f3n facilitados haciendo clic en el apartado darse \nde baja de todos los correos electr\u00f3nicos remitidos por parte del \nprestador.<\/p>\n\n\n\n<p>Del mismo modo, el prestador ha adoptado todas las medidas t\u00e9cnicas y  de organizaci\u00f3n necesarias para garantizar la seguridad e integridad de  los datos de car\u00e1cter personal que trate, as\u00ed como para evitar su  p\u00e9rdida, alteraci\u00f3n y\/o acceso por parte de terceros no autorizados.<\/p>\n\n\n\n<div style=\"height:25px\" aria-hidden=\"true\" class=\"wp-block-spacer\"><\/div>\n\n\n\n<h2 class=\"has-text-color wp-block-heading\" style=\"color:#000000\">DIRECCIONES IP<\/h2>\n\n\n\n<div style=\"height:25px\" aria-hidden=\"true\" class=\"wp-block-spacer\"><\/div>\n\n\n\n<p>Los servidores del sitio web podr\u00e1n detectar de manera autom\u00e1tica la  direcci\u00f3n IP y el nombre de dominio utilizados por el usuario. Una  direcci\u00f3n IP es un n\u00famero asignado autom\u00e1ticamente a un ordenador cuando  \u00e9sta se conecta a Internet. Toda esta informaci\u00f3n es registrada en un  fichero de actividad del servidor debidamente inscrito que permite el  posterior procesamiento de los datos con el fin de obtener mediciones  \u00fanicamente estad\u00edsticas que permitan conocer el n\u00famero de impresiones de  p\u00e1ginas, el n\u00famero de visitas realizadas a los servicios web, el orden  de visitas, el punto de acceso, etc.<\/p>\n\n\n\n<div style=\"height:25px\" aria-hidden=\"true\" class=\"wp-block-spacer\"><\/div>\n\n\n\n<h2 class=\"has-text-color wp-block-heading\" style=\"color:#000000\">SEGURIDAD<\/h2>\n\n\n\n<div style=\"height:25px\" aria-hidden=\"true\" class=\"wp-block-spacer\"><\/div>\n\n\n\n<p>El sitio web utiliza t\u00e9cnicas de seguridad de la informaci\u00f3n \ngeneralmente aceptadas en la industria, tales como firewalls, \nprocedimientos de control de acceso y mecanismos criptogr\u00e1ficos, todo \nello con el objeto de evitar el acceso no autorizado a los datos. Para \nlograr estos fines, el usuario\/cliente acepta que el prestador obtenga \ndatos para efectos de la correspondiente autenticaci\u00f3n de los controles \nde acceso.<\/p>\n<\/div><\/div>\n","protected":false},"excerpt":{"rendered":"<p>De conformidad con lo dispuesto en la Ley Org\u00e1nica 15\/1 [&hellip;]<\/p>\n","protected":false},"author":2,"featured_media":0,"parent":0,"menu_order":0,"comment_status":"closed","ping_status":"open","template":"","meta":{"_acf_changed":false,"footnotes":""},"class_list":["post-639","page","type-page","status-publish","hentry"],"acf":[],"yoast_head":"<!-- This site is optimized with the Yoast SEO plugin v27.2 - https:\/\/yoast.com\/product\/yoast-seo-wordpress\/ -->\n<title>Pol\u00edtica de privacidad - Ragui<\/title>\n<meta name=\"robots\" content=\"index, follow, max-snippet:-1, max-image-preview:large, max-video-preview:-1\" \/>\n<link rel=\"canonical\" href=\"https:\/\/ragui.com\/zh-hans\/politica-de-privacidad-2\/\" \/>\n<meta property=\"og:locale\" content=\"zh_CN\" \/>\n<meta property=\"og:type\" content=\"article\" \/>\n<meta property=\"og:title\" content=\"Pol\u00edtica de privacidad - Ragui\" \/>\n<meta property=\"og:description\" content=\"De conformidad con lo dispuesto en la Ley Org\u00e1nica 15\/1 [&hellip;]\" \/>\n<meta property=\"og:url\" content=\"https:\/\/ragui.com\/zh-hans\/politica-de-privacidad-2\/\" \/>\n<meta property=\"og:site_name\" content=\"Ragui\" \/>\n<meta name=\"twitter:card\" content=\"summary_large_image\" \/>\n<meta name=\"twitter:label1\" content=\"\u9884\u8ba1\u9605\u8bfb\u65f6\u95f4\" \/>\n\t<meta name=\"twitter:data1\" content=\"4 \u5206\" \/>\n<script type=\"application\/ld+json\" class=\"yoast-schema-graph\">{\"@context\":\"https:\/\/schema.org\",\"@graph\":[{\"@type\":\"WebPage\",\"@id\":\"https:\/\/ragui.com\/zh-hans\/politica-de-privacidad-2\/\",\"url\":\"https:\/\/ragui.com\/zh-hans\/politica-de-privacidad-2\/\",\"name\":\"Pol\u00edtica de privacidad - Ragui\",\"isPartOf\":{\"@id\":\"https:\/\/ragui.com\/zh-hans\/#website\"},\"datePublished\":\"2020-06-05T11:05:48+00:00\",\"breadcrumb\":{\"@id\":\"https:\/\/ragui.com\/zh-hans\/politica-de-privacidad-2\/#breadcrumb\"},\"inLanguage\":\"zh-Hans\",\"potentialAction\":[{\"@type\":\"ReadAction\",\"target\":[\"https:\/\/ragui.com\/zh-hans\/politica-de-privacidad-2\/\"]}]},{\"@type\":\"BreadcrumbList\",\"@id\":\"https:\/\/ragui.com\/zh-hans\/politica-de-privacidad-2\/#breadcrumb\",\"itemListElement\":[{\"@type\":\"ListItem\",\"position\":1,\"name\":\"Home\",\"item\":\"https:\/\/ragui.com\/zh-hans\/\"},{\"@type\":\"ListItem\",\"position\":2,\"name\":\"Pol\u00edtica de privacidad\"}]},{\"@type\":\"WebSite\",\"@id\":\"https:\/\/ragui.com\/zh-hans\/#website\",\"url\":\"https:\/\/ragui.com\/zh-hans\/\",\"name\":\"Ragui\",\"description\":\"C\u00e1talogo de joyas\",\"potentialAction\":[{\"@type\":\"SearchAction\",\"target\":{\"@type\":\"EntryPoint\",\"urlTemplate\":\"https:\/\/ragui.com\/zh-hans\/?s={search_term_string}\"},\"query-input\":{\"@type\":\"PropertyValueSpecification\",\"valueRequired\":true,\"valueName\":\"search_term_string\"}}],\"inLanguage\":\"zh-Hans\"}]}<\/script>\n<!-- \/ Yoast SEO plugin. -->","yoast_head_json":{"title":"Pol\u00edtica de privacidad - Ragui","robots":{"index":"index","follow":"follow","max-snippet":"max-snippet:-1","max-image-preview":"max-image-preview:large","max-video-preview":"max-video-preview:-1"},"canonical":"https:\/\/ragui.com\/zh-hans\/politica-de-privacidad-2\/","og_locale":"zh_CN","og_type":"article","og_title":"Pol\u00edtica de privacidad - Ragui","og_description":"De conformidad con lo dispuesto en la Ley Org\u00e1nica 15\/1 [&hellip;]","og_url":"https:\/\/ragui.com\/zh-hans\/politica-de-privacidad-2\/","og_site_name":"Ragui","twitter_card":"summary_large_image","twitter_misc":{"\u9884\u8ba1\u9605\u8bfb\u65f6\u95f4":"4 \u5206"},"schema":{"@context":"https:\/\/schema.org","@graph":[{"@type":"WebPage","@id":"https:\/\/ragui.com\/zh-hans\/politica-de-privacidad-2\/","url":"https:\/\/ragui.com\/zh-hans\/politica-de-privacidad-2\/","name":"Pol\u00edtica de privacidad - Ragui","isPartOf":{"@id":"https:\/\/ragui.com\/zh-hans\/#website"},"datePublished":"2020-06-05T11:05:48+00:00","breadcrumb":{"@id":"https:\/\/ragui.com\/zh-hans\/politica-de-privacidad-2\/#breadcrumb"},"inLanguage":"zh-Hans","potentialAction":[{"@type":"ReadAction","target":["https:\/\/ragui.com\/zh-hans\/politica-de-privacidad-2\/"]}]},{"@type":"BreadcrumbList","@id":"https:\/\/ragui.com\/zh-hans\/politica-de-privacidad-2\/#breadcrumb","itemListElement":[{"@type":"ListItem","position":1,"name":"Home","item":"https:\/\/ragui.com\/zh-hans\/"},{"@type":"ListItem","position":2,"name":"Pol\u00edtica de privacidad"}]},{"@type":"WebSite","@id":"https:\/\/ragui.com\/zh-hans\/#website","url":"https:\/\/ragui.com\/zh-hans\/","name":"Ragui","description":"C\u00e1talogo de joyas","potentialAction":[{"@type":"SearchAction","target":{"@type":"EntryPoint","urlTemplate":"https:\/\/ragui.com\/zh-hans\/?s={search_term_string}"},"query-input":{"@type":"PropertyValueSpecification","valueRequired":true,"valueName":"search_term_string"}}],"inLanguage":"zh-Hans"}]}},"jetpack_sharing_enabled":true,"_links":{"self":[{"href":"https:\/\/ragui.com\/zh-hans\/wp-json\/wp\/v2\/pages\/639","targetHints":{"allow":["GET"]}}],"collection":[{"href":"https:\/\/ragui.com\/zh-hans\/wp-json\/wp\/v2\/pages"}],"about":[{"href":"https:\/\/ragui.com\/zh-hans\/wp-json\/wp\/v2\/types\/page"}],"author":[{"embeddable":true,"href":"https:\/\/ragui.com\/zh-hans\/wp-json\/wp\/v2\/users\/2"}],"replies":[{"embeddable":true,"href":"https:\/\/ragui.com\/zh-hans\/wp-json\/wp\/v2\/comments?post=639"}],"version-history":[{"count":1,"href":"https:\/\/ragui.com\/zh-hans\/wp-json\/wp\/v2\/pages\/639\/revisions"}],"predecessor-version":[{"id":642,"href":"https:\/\/ragui.com\/zh-hans\/wp-json\/wp\/v2\/pages\/639\/revisions\/642"}],"wp:attachment":[{"href":"https:\/\/ragui.com\/zh-hans\/wp-json\/wp\/v2\/media?parent=639"}],"curies":[{"name":"wp","href":"https:\/\/api.w.org\/{rel}","templated":true}]}}