{"id":635,"date":"2020-06-05T11:05:29","date_gmt":"2020-06-05T11:05:29","guid":{"rendered":"https:\/\/ragui.com\/?page_id=635"},"modified":"2020-06-05T11:05:29","modified_gmt":"2020-06-05T11:05:29","slug":"politica-de-cookies-2","status":"publish","type":"page","link":"https:\/\/ragui.com\/zh-hans\/politica-de-cookies-2\/","title":{"rendered":"Pol\u00edtica de cookies"},"content":{"rendered":"\n<div class=\"wp-block-cover has-background-dim\" style=\"background-image:url(https:\/\/ragui.com\/wp-content\/uploads\/2020\/04\/cabecera-aviso-legal.jpg);min-height:550px;aspect-ratio:unset;\"><div class=\"wp-block-cover__inner-container is-layout-flow wp-block-cover-is-layout-flow\">\n<div class=\"wp-block-group ancho-limitado-plus\" id=\"title\"><div class=\"wp-block-group__inner-container is-layout-flow wp-block-group-is-layout-flow\">\n<div style=\"height:25px\" aria-hidden=\"true\" class=\"wp-block-spacer\"><\/div>\n\n\n\n<h1 class=\"has-text-color wp-block-heading\" style=\"color:#ffffff\">Pol\u00edtica de cookies<\/h1>\n\n\n\n<div style=\"height:20px\" aria-hidden=\"true\" class=\"wp-block-spacer\"><\/div>\n\n\n <div class=\"breadcrumbs\"> <span property=\"itemListElement\" typeof=\"ListItem\"><a property=\"item\" typeof=\"WebPage\" title=\"Ir a Ragui.\" href=\"https:\/\/ragui.com\/zh-hans\/\" class=\"home\" aria-current=\"page\"><span property=\"name\">Ragui<\/span><\/a><meta property=\"position\" content=\"1\"><\/span> <\/div> \n<\/div><\/div>\n<\/div><\/div>\n\n\n\n<div style=\"height:100px\" aria-hidden=\"true\" class=\"wp-block-spacer\"><\/div>\n\n\n\n<div class=\"wp-block-group ancho-limitado-plus legal\"><div class=\"wp-block-group__inner-container is-layout-flow wp-block-group-is-layout-flow\">\n<p>Este portal, al igual que la mayor\u00eda de portales en Internet, usa \ncookies para mejorar la experiencia de navegaci\u00f3n del usuario. Las \ncookies personalizan los servicios que ofrece el sitio web, ofreciendo a\n cada usuario informaci\u00f3n que puede ser de su inter\u00e9s, en atenci\u00f3n al \nuso que realiza de esta web. A continuaci\u00f3n encontrar\u00e1 informaci\u00f3n sobre\n qu\u00e9 son las cookies, qu\u00e9 tipo de cookies utiliza esta web, c\u00f3mo puede \ndesactivar las cookies en su navegador o c\u00f3mo desactivar espec\u00edficamente\n la instalaci\u00f3n de cookies de terceros y qu\u00e9 ocurre en caso de \ndeshabilitarlas.<\/p>\n\n\n\n<div style=\"height:25px\" aria-hidden=\"true\" class=\"wp-block-spacer\"><\/div>\n\n\n\n<h2 class=\"has-text-color wp-block-heading\" style=\"color:#000000\">\u00bfQU\u00c9 SON LAS COOKIES?<\/h2>\n\n\n\n<div style=\"height:25px\" aria-hidden=\"true\" class=\"wp-block-spacer\"><\/div>\n\n\n\n<p>Las cookies son peque\u00f1os archivos que algunas plataformas, como las \np\u00e1ginas web, pueden instalar en su ordenador, smartphone, tableta o \ntelevisi\u00f3n conectada, al acceder a las mismas. Sus funciones pueden ser \nmuy variadas: almacenar sus preferencias de navegaci\u00f3n, recopilar \ninformaci\u00f3n estad\u00edstica, permitir ciertas funcionalidades t\u00e9cnicas, \nalmacenar y recuperar informaci\u00f3n sobre los h\u00e1bitos de navegaci\u00f3n o \npreferencias de un usuario o de su equipo hasta el punto, en ocasiones, \ndependiendo de la informaci\u00f3n que contengan y de la forma en que utilice\n su equipo, de poder reconocerlo. Una cookie se almacena en un ordenador\n para personalizar y facilitar al m\u00e1ximo la navegaci\u00f3n del usuario. Las \ncookies se asocian \u00fanicamente a un usuario y su ordenador y no \nproporcionan referencias que permitan deducir datos personales del \nusuario. El usuario podr\u00e1 configurar su navegador para que notifique o \nrechace la instalaci\u00f3n de las cookies enviadas por el sitio web.<\/p>\n\n\n\n<div style=\"height:25px\" aria-hidden=\"true\" class=\"wp-block-spacer\"><\/div>\n\n\n\n<h2 class=\"has-text-color wp-block-heading\" style=\"color:#000000\">\u00bfPOR QU\u00c9 SON IMPORTANTES?<\/h2>\n\n\n\n<div style=\"height:25px\" aria-hidden=\"true\" class=\"wp-block-spacer\"><\/div>\n\n\n\n<p>Las cookies son \u00fatiles por varios motivos. Desde un punto de vista \nt\u00e9cnico, permiten que las p\u00e1ginas web funcionen de forma m\u00e1s \u00e1gil y \nadaptada a las preferencias del usuario como ,por ejemplo, almacenar su \nidioma o la moneda de su pa\u00eds. Adem\u00e1s, ayudan a los responsables de los \nsitios web a mejorar los servicios que ofrecen, gracias a la informaci\u00f3n\n estad\u00edstica que recogen a trav\u00e9s de ellas. Finalmente, sirven para \nhacer m\u00e1s eficiente la publicidad que le mostramos, gracias a la cual le\n podemos ofrecer servicios de forma gratuita.<\/p>\n\n\n\n<div style=\"height:25px\" aria-hidden=\"true\" class=\"wp-block-spacer\"><\/div>\n\n\n\n<h2 class=\"has-text-color wp-block-heading\" style=\"color:#000000\">\u00bfC\u00d3MO UTILIZAMOS LAS COOKIES?<\/h2>\n\n\n\n<div style=\"height:25px\" aria-hidden=\"true\" class=\"wp-block-spacer\"><\/div>\n\n\n\n<p>Navegar por esta web supone que se puedan instalar los siguientes tipos de cookies:Cookies de mejora del rendimiento<\/p>\n\n\n\n<p>Este tipo de cookies conserva sus preferencias para ciertas \nherramientas o servicios para que no tenga que reconfigurarlos cada vez \nque visita nuestro portal y, en algunos casos, pueden ser aportadas por \nterceros. Algunos ejemplos de este tipo de cookies son: ajuste del \nvolumen de los reproductores audiovisuales, preferencias de ordenaci\u00f3n \nde art\u00edculos o velocidades de reproducci\u00f3n de v\u00eddeo compatibles. En el \ncaso de comercio electr\u00f3nico, permiten mantener informaci\u00f3n sobre su \ncesta de la compra.<\/p>\n\n\n\n<div style=\"height:25px\" aria-hidden=\"true\" class=\"wp-block-spacer\"><\/div>\n\n\n\n<h2 class=\"has-text-color wp-block-heading\" style=\"color:#000000\">COOKIES DE AN\u00c1LISIS ESTAD\u00cdSTICO<\/h2>\n\n\n\n<div style=\"height:25px\" aria-hidden=\"true\" class=\"wp-block-spacer\"><\/div>\n\n\n\n<p>Son aquellas que, bien tratadas por nosotros o por terceros, permiten\n cuantificar el n\u00famero de visitantes y analizar estad\u00edsticamente la \nutilizaci\u00f3n que hacen los usuarios de nuestros servicios. Gracias a \nellas podemos estudiar la navegaci\u00f3n por nuestra p\u00e1gina web y mejorar \nas\u00ed la oferta de productos o servicios que ofrecemos. Estas cookies no \nir\u00e1n asociadas a ning\u00fan dato de car\u00e1cter personal que pueda identificar \nal usuario, dando informaci\u00f3n sobre el comportamiento de navegaci\u00f3n de \nforma an\u00f3nima.<\/p>\n\n\n\n<div style=\"height:25px\" aria-hidden=\"true\" class=\"wp-block-spacer\"><\/div>\n\n\n\n<h2 class=\"has-text-color wp-block-heading\" style=\"color:#000000\">COOKIES DE GEOLOCALIZACI\u00d3N<\/h2>\n\n\n\n<div style=\"height:25px\" aria-hidden=\"true\" class=\"wp-block-spacer\"><\/div>\n\n\n\n<p>Estas cookies son usadas por programas que intentan localizar \ngeogr\u00e1ficamente la situaci\u00f3n del ordenador, smartphone, tableta o \ntelevisi\u00f3n conectada, para de manera totalmente an\u00f3nima ofrecerle \ncontenidos y servicios m\u00e1s adecuados.<\/p>\n\n\n\n<div style=\"height:25px\" aria-hidden=\"true\" class=\"wp-block-spacer\"><\/div>\n\n\n\n<h2 class=\"has-text-color wp-block-heading\" style=\"color:#000000\">COOKIES DE REGISTRO<\/h2>\n\n\n\n<div style=\"height:25px\" aria-hidden=\"true\" class=\"wp-block-spacer\"><\/div>\n\n\n\n<p>Son cookies que le identifican como usuario registrado e indican \ncu\u00e1ndo usted se ha identificado en la web. Estas cookies son utilizadas \npara identificar su cuenta de usuario y sus servicios asociados, \nfacilitando as\u00ed su navegaci\u00f3n. Estas cookies se mantienen mientras usted\n no abandone la cuenta, cierre el navegador o apague el dispositivo. \nEstas cookies pueden ser utilizadas en combinaci\u00f3n con datos anal\u00edticos \npara identificar de manera individual sus preferencias en nuestro \nportal.<\/p>\n\n\n\n<div style=\"height:25px\" aria-hidden=\"true\" class=\"wp-block-spacer\"><\/div>\n\n\n\n<h2 class=\"has-text-color wp-block-heading\" style=\"color:#000000\">COOKIES PUBLICITARIAS<\/h2>\n\n\n\n<div style=\"height:25px\" aria-hidden=\"true\" class=\"wp-block-spacer\"><\/div>\n\n\n\n<p>Son aqu\u00e9llas que, bien tratadas por nosotros o por terceros, permiten\n gestionar eficazmente los espacios publicitarios de nuestro sitio web, \nadecuando el contenido del anuncio al contenido del servicio solicitado o\n al uso que realice de nuestra p\u00e1gina web. Gracias a ella podemos \nconocer sus h\u00e1bitos de navegaci\u00f3n en internet y mostrarle publicidad \nrelacionada con su perfil de navegaci\u00f3n.<\/p>\n\n\n\n<div style=\"height:25px\" aria-hidden=\"true\" class=\"wp-block-spacer\"><\/div>\n\n\n\n<h2 class=\"has-text-color wp-block-heading\" style=\"color:#000000\">OTRAS COOKIES DE TERCEROS<\/h2>\n\n\n\n<div style=\"height:25px\" aria-hidden=\"true\" class=\"wp-block-spacer\"><\/div>\n\n\n\n<p>En algunas de nuestras p\u00e1ginas se pueden instalar cookies de terceros\n que permitan gestionar y mejorar los servicios que \u00e9stos ofrecen. Un \nejemplo de este uso son los enlaces a las redes sociales que permiten \ncompartir nuestros contenidos.<\/p>\n\n\n\n<div style=\"height:25px\" aria-hidden=\"true\" class=\"wp-block-spacer\"><\/div>\n\n\n\n<h2 class=\"has-text-color wp-block-heading\" style=\"color:#000000\">\u00bfC\u00d3MO PUEDO CONFIGURAR MIS PREFERENCIAS?<\/h2>\n\n\n\n<div style=\"height:25px\" aria-hidden=\"true\" class=\"wp-block-spacer\"><\/div>\n\n\n\n<p>Usted puede permitir, bloquear o eliminar las cookies instaladas en \nsu equipo mediante la configuraci\u00f3n de las opciones de su navegador de \ninternet.<\/p>\n\n\n\n<p>A continuaci\u00f3n le ofrecemos enlaces en los que encontrar\u00e1 informaci\u00f3n\n sobre c\u00f3mo puede activar sus preferencias en los principales \nnavegadores:<\/p>\n\n\n\n<ul class=\"wp-block-list\"><li><a href=\"http:\/\/support.google.com\/chrome\/bin\/answer.py?hl=es&amp;answer=95647\" target=\"_blank\" rel=\"noreferrer noopener\">Google Chrome<\/a><\/li><li><a href=\"http:\/\/support.mozilla.org\/es\/kb\/cookies-informacion-que-los-sitios-web-guardan-en-?redirectlocale=en-US&amp;redirectslug=Cookies\" target=\"_blank\" rel=\"noreferrer noopener\">Mozilla Firefox<\/a><\/li><li><a href=\"http:\/\/support.microsoft.com\/kb\/196955\/es\" target=\"_blank\" rel=\"noreferrer noopener\">Internet Explorer<\/a><\/li><li><a href=\"http:\/\/docs.info.apple.com\/article.html?path=Safari\/3.0\/fr\/9277.html\" target=\"_blank\" rel=\"noreferrer noopener\">Safari<\/a><\/li><li><a href=\"http:\/\/support.apple.com\/kb\/HT1677?viewlocale=es_ES\" target=\"_blank\" rel=\"noreferrer noopener\">Safari para IOS<\/a>&nbsp;(iPhone, iPad)<\/li><\/ul>\n\n\n\n<div style=\"height:25px\" aria-hidden=\"true\" class=\"wp-block-spacer\"><\/div>\n\n\n\n<h2 class=\"has-text-color wp-block-heading\" style=\"color:#000000\">\u00bfQU\u00c9 OCURRE SI SE DESHABILITAN LAS COOKIES?<\/h2>\n\n\n\n<div style=\"height:25px\" aria-hidden=\"true\" class=\"wp-block-spacer\"><\/div>\n\n\n\n<p>En el caso de bloquear o no aceptar la instalaci\u00f3n de cookies es \nposible que ciertos servicios ofrecidos por nuestro sitio web que \nnecesitan su uso queden deshabilitados y, por lo tanto, no est\u00e9n \ndisponibles para usted por lo que no podr\u00e1 aprovechar por completo todo \nlo que nuestras webs y aplicaciones le ofrecen. Es posible tambi\u00e9n que \nla calidad de funcionamiento de la p\u00e1gina web pueda disminuir.<\/p>\n\n\n\n<div style=\"height:25px\" aria-hidden=\"true\" class=\"wp-block-spacer\"><\/div>\n\n\n\n<h2 class=\"has-text-color wp-block-heading\" style=\"color:#000000\">ACEPTACI\u00d3N DE COOKIES<\/h2>\n\n\n\n<div style=\"height:25px\" aria-hidden=\"true\" class=\"wp-block-spacer\"><\/div>\n\n\n\n<p>Si usted sigue navegando despu\u00e9s de haberle informado sobre nuestra \nPol\u00edtica de cookies entendemos que acepta la utilizaci\u00f3n de las cookies.<\/p>\n\n\n\n<p>Al acceder a este sitio web o aplicaci\u00f3n por primera vez, ver\u00e1 una \nventana donde se le informa de la utilizaci\u00f3n de las cookies y donde \npuede consultar esta pol\u00edtica de cookies. Si usted consiente la \nutilizaci\u00f3n de cookies, contin\u00faa navegando o hace clic en alg\u00fan link se \nentender\u00e1 que usted ha consentido nuestra pol\u00edtica de cookies y, por \ntanto, la instalaci\u00f3n de las mismas en su equipo o dispositivo.<\/p>\n\n\n\n<p>Adem\u00e1s del uso de nuestras cookies propias, permitimos a terceros \nestablecer cookies y acceder a ellas en su ordenador. El consentimiento \ndel uso de las cookies de estas empresas est\u00e1 ligado a la navegaci\u00f3n por\n este sitio web.<\/p>\n<\/div><\/div>\n","protected":false},"excerpt":{"rendered":"<p>Este portal, al igual que la mayor\u00eda de portales en Int [&hellip;]<\/p>\n","protected":false},"author":2,"featured_media":0,"parent":0,"menu_order":0,"comment_status":"closed","ping_status":"closed","template":"page-sin-titulo.php","meta":{"_acf_changed":false,"footnotes":""},"class_list":["post-635","page","type-page","status-publish","hentry"],"acf":[],"yoast_head":"<!-- This site is optimized with the Yoast SEO plugin v27.2 - https:\/\/yoast.com\/product\/yoast-seo-wordpress\/ -->\n<title>Pol\u00edtica de cookies - Ragui<\/title>\n<meta name=\"robots\" content=\"index, follow, max-snippet:-1, max-image-preview:large, max-video-preview:-1\" \/>\n<link rel=\"canonical\" href=\"https:\/\/ragui.com\/zh-hans\/politica-de-cookies-2\/\" \/>\n<meta property=\"og:locale\" content=\"zh_CN\" \/>\n<meta property=\"og:type\" content=\"article\" \/>\n<meta property=\"og:title\" content=\"Pol\u00edtica de cookies - Ragui\" \/>\n<meta property=\"og:description\" content=\"Este portal, al igual que la mayor\u00eda de portales en Int [&hellip;]\" \/>\n<meta property=\"og:url\" content=\"https:\/\/ragui.com\/zh-hans\/politica-de-cookies-2\/\" \/>\n<meta property=\"og:site_name\" content=\"Ragui\" \/>\n<meta name=\"twitter:card\" content=\"summary_large_image\" \/>\n<meta name=\"twitter:label1\" content=\"\u9884\u8ba1\u9605\u8bfb\u65f6\u95f4\" \/>\n\t<meta name=\"twitter:data1\" content=\"5 \u5206\" \/>\n<script type=\"application\/ld+json\" class=\"yoast-schema-graph\">{\"@context\":\"https:\/\/schema.org\",\"@graph\":[{\"@type\":\"WebPage\",\"@id\":\"https:\/\/ragui.com\/zh-hans\/politica-de-cookies-2\/\",\"url\":\"https:\/\/ragui.com\/zh-hans\/politica-de-cookies-2\/\",\"name\":\"Pol\u00edtica de cookies - Ragui\",\"isPartOf\":{\"@id\":\"https:\/\/ragui.com\/zh-hans\/#website\"},\"datePublished\":\"2020-06-05T11:05:29+00:00\",\"breadcrumb\":{\"@id\":\"https:\/\/ragui.com\/zh-hans\/politica-de-cookies-2\/#breadcrumb\"},\"inLanguage\":\"zh-Hans\",\"potentialAction\":[{\"@type\":\"ReadAction\",\"target\":[\"https:\/\/ragui.com\/zh-hans\/politica-de-cookies-2\/\"]}]},{\"@type\":\"BreadcrumbList\",\"@id\":\"https:\/\/ragui.com\/zh-hans\/politica-de-cookies-2\/#breadcrumb\",\"itemListElement\":[{\"@type\":\"ListItem\",\"position\":1,\"name\":\"Home\",\"item\":\"https:\/\/ragui.com\/zh-hans\/\"},{\"@type\":\"ListItem\",\"position\":2,\"name\":\"Pol\u00edtica de cookies\"}]},{\"@type\":\"WebSite\",\"@id\":\"https:\/\/ragui.com\/zh-hans\/#website\",\"url\":\"https:\/\/ragui.com\/zh-hans\/\",\"name\":\"Ragui\",\"description\":\"C\u00e1talogo de joyas\",\"potentialAction\":[{\"@type\":\"SearchAction\",\"target\":{\"@type\":\"EntryPoint\",\"urlTemplate\":\"https:\/\/ragui.com\/zh-hans\/?s={search_term_string}\"},\"query-input\":{\"@type\":\"PropertyValueSpecification\",\"valueRequired\":true,\"valueName\":\"search_term_string\"}}],\"inLanguage\":\"zh-Hans\"}]}<\/script>\n<!-- \/ Yoast SEO plugin. -->","yoast_head_json":{"title":"Pol\u00edtica de cookies - Ragui","robots":{"index":"index","follow":"follow","max-snippet":"max-snippet:-1","max-image-preview":"max-image-preview:large","max-video-preview":"max-video-preview:-1"},"canonical":"https:\/\/ragui.com\/zh-hans\/politica-de-cookies-2\/","og_locale":"zh_CN","og_type":"article","og_title":"Pol\u00edtica de cookies - Ragui","og_description":"Este portal, al igual que la mayor\u00eda de portales en Int [&hellip;]","og_url":"https:\/\/ragui.com\/zh-hans\/politica-de-cookies-2\/","og_site_name":"Ragui","twitter_card":"summary_large_image","twitter_misc":{"\u9884\u8ba1\u9605\u8bfb\u65f6\u95f4":"5 \u5206"},"schema":{"@context":"https:\/\/schema.org","@graph":[{"@type":"WebPage","@id":"https:\/\/ragui.com\/zh-hans\/politica-de-cookies-2\/","url":"https:\/\/ragui.com\/zh-hans\/politica-de-cookies-2\/","name":"Pol\u00edtica de cookies - Ragui","isPartOf":{"@id":"https:\/\/ragui.com\/zh-hans\/#website"},"datePublished":"2020-06-05T11:05:29+00:00","breadcrumb":{"@id":"https:\/\/ragui.com\/zh-hans\/politica-de-cookies-2\/#breadcrumb"},"inLanguage":"zh-Hans","potentialAction":[{"@type":"ReadAction","target":["https:\/\/ragui.com\/zh-hans\/politica-de-cookies-2\/"]}]},{"@type":"BreadcrumbList","@id":"https:\/\/ragui.com\/zh-hans\/politica-de-cookies-2\/#breadcrumb","itemListElement":[{"@type":"ListItem","position":1,"name":"Home","item":"https:\/\/ragui.com\/zh-hans\/"},{"@type":"ListItem","position":2,"name":"Pol\u00edtica de cookies"}]},{"@type":"WebSite","@id":"https:\/\/ragui.com\/zh-hans\/#website","url":"https:\/\/ragui.com\/zh-hans\/","name":"Ragui","description":"C\u00e1talogo de joyas","potentialAction":[{"@type":"SearchAction","target":{"@type":"EntryPoint","urlTemplate":"https:\/\/ragui.com\/zh-hans\/?s={search_term_string}"},"query-input":{"@type":"PropertyValueSpecification","valueRequired":true,"valueName":"search_term_string"}}],"inLanguage":"zh-Hans"}]}},"jetpack_sharing_enabled":true,"_links":{"self":[{"href":"https:\/\/ragui.com\/zh-hans\/wp-json\/wp\/v2\/pages\/635","targetHints":{"allow":["GET"]}}],"collection":[{"href":"https:\/\/ragui.com\/zh-hans\/wp-json\/wp\/v2\/pages"}],"about":[{"href":"https:\/\/ragui.com\/zh-hans\/wp-json\/wp\/v2\/types\/page"}],"author":[{"embeddable":true,"href":"https:\/\/ragui.com\/zh-hans\/wp-json\/wp\/v2\/users\/2"}],"replies":[{"embeddable":true,"href":"https:\/\/ragui.com\/zh-hans\/wp-json\/wp\/v2\/comments?post=635"}],"version-history":[{"count":1,"href":"https:\/\/ragui.com\/zh-hans\/wp-json\/wp\/v2\/pages\/635\/revisions"}],"predecessor-version":[{"id":638,"href":"https:\/\/ragui.com\/zh-hans\/wp-json\/wp\/v2\/pages\/635\/revisions\/638"}],"wp:attachment":[{"href":"https:\/\/ragui.com\/zh-hans\/wp-json\/wp\/v2\/media?parent=635"}],"curies":[{"name":"wp","href":"https:\/\/api.w.org\/{rel}","templated":true}]}}