{"id":615,"date":"2020-06-05T11:03:31","date_gmt":"2020-06-05T11:03:31","guid":{"rendered":"https:\/\/ragui.com\/?page_id=615"},"modified":"2020-06-05T11:03:32","modified_gmt":"2020-06-05T11:03:32","slug":"aviso-legal","status":"publish","type":"page","link":"https:\/\/ragui.com\/zh-hans\/aviso-legal\/","title":{"rendered":"Aviso Legal"},"content":{"rendered":"\n<div class=\"wp-block-cover has-background-dim\" style=\"background-image:url(https:\/\/ragui.com\/wp-content\/uploads\/2020\/04\/cabecera-aviso-legal.jpg);min-height:550px;aspect-ratio:unset;\"><div class=\"wp-block-cover__inner-container is-layout-flow wp-block-cover-is-layout-flow\">\n<div class=\"wp-block-group ancho-limitado-plus\" id=\"title\"><div class=\"wp-block-group__inner-container is-layout-flow wp-block-group-is-layout-flow\">\n<div style=\"height:25px\" aria-hidden=\"true\" class=\"wp-block-spacer\"><\/div>\n\n\n\n<h1 class=\"has-text-color wp-block-heading\" style=\"color:#ffffff\">Aviso legal<\/h1>\n\n\n\n<div style=\"height:20px\" aria-hidden=\"true\" class=\"wp-block-spacer\"><\/div>\n\n\n <div class=\"breadcrumbs\"> <span property=\"itemListElement\" typeof=\"ListItem\"><a property=\"item\" typeof=\"WebPage\" title=\"Ir a Ragui.\" href=\"https:\/\/ragui.com\/zh-hans\/\" class=\"home\" aria-current=\"page\"><span property=\"name\">Ragui<\/span><\/a><meta property=\"position\" content=\"1\"><\/span> <\/div> \n<\/div><\/div>\n<\/div><\/div>\n\n\n\n<div style=\"height:75px\" aria-hidden=\"true\" class=\"wp-block-spacer\"><\/div>\n\n\n\n<div class=\"wp-block-group ancho-limitado-plus legal\"><div class=\"wp-block-group__inner-container is-layout-flow wp-block-group-is-layout-flow\">\n<h2 class=\"has-text-color wp-block-heading\" style=\"color:#000000\">OBJETO<\/h2>\n\n\n\n<p>El prestador, responsable del sitio web, pone a disposici\u00f3n de los \nusuarios el presente documento con el que pretende dar cumplimiento a \nlas obligaciones dispuestas en la Ley 34\/2002, de Servicios de la \nSociedad de la Informaci\u00f3n y del Comercio Electr\u00f3nico (LSSI-CE), as\u00ed \ncomo informar a todos los usuarios del sitio web respecto a cu\u00e1les son \nlas condiciones de uso del sitio web.<\/p>\n\n\n\n<p>Toda persona que acceda a este sitio web asume el papel de usuario, \ncomprometi\u00e9ndose a la observancia y cumplimiento riguroso de las \ndisposiciones aqu\u00ed dispuestas, as\u00ed como a cualesquiera otra disposici\u00f3n \nlegal que fuera de aplicaci\u00f3n.<\/p>\n\n\n\n<p>El prestador se reserva el derecho a modificar cualquier tipo de \ninformaci\u00f3n que pudiera aparecer en el sitio web, sin que exista \nobligaci\u00f3n de preavisar o poner en conocimiento de los usuarios dichas \nobligaciones, entendi\u00e9ndose como suficiente con la publicaci\u00f3n en el \nsitio web del prestador.<\/p>\n\n\n\n<h2 class=\"has-text-color wp-block-heading\" style=\"color:#000000\">RESPONSABILIDAD<\/h2>\n\n\n\n<p>El prestador se exime de cualquier tipo de responsabilidad derivada \nde la informaci\u00f3n publicada en su sitio web, siempre que esta \ninformaci\u00f3n haya sido manipulada o introducida por un tercero ajeno al \nmismo.<\/p>\n\n\n\n<p>El sitio web del prestador puede utilizar cookies (peque\u00f1os archivos \nde informaci\u00f3n que el servidor env\u00eda al ordenador de quien accede a la \np\u00e1gina) para llevar a cabo determinadas funciones que son consideradas \nimprescindibles para el correcto funcionamiento y visualizaci\u00f3n del \nsitio. Las cookies utilizadas en el sitio web tienen, en todo caso, \ncar\u00e1cter temporal con la \u00fanica finalidad de hacer m\u00e1s eficaz su \ntransmisi\u00f3n ulterior y desaparecen al terminar la sesi\u00f3n del usuario. En\n ning\u00fan caso se utilizar\u00e1n las cookies para recoger informaci\u00f3n de \ncar\u00e1cter personal.<\/p>\n\n\n\n<p>Desde el sitio web del cliente es posible que se redirija a \ncontenidos de terceros sitios web. Dado que el prestador no puede \ncontrolar siempre los contenidos introducidos por los terceros en sus \nsitios web, \u00e9ste no asume ning\u00fan tipo de responsabilidad respecto a \ndichos contenidos. En todo caso, el prestador manifiesta que proceder\u00e1 a\n la retirada inmediata de cualquier contenido que pudiera contravenir la\n legislaci\u00f3n nacional o internacional, la moral o el orden p\u00fablico, \nprocediendo a la retirada inmediata de la redirecci\u00f3n a dicho sitio web,\n poniendo en conocimiento de las autoridades competentes el contenido en\n cuesti\u00f3n.<\/p>\n\n\n\n<p>El prestador no se hace responsable de la informaci\u00f3n y contenidos \nalmacenados, a t\u00edtulo enunciativo pero no limitativo, en foros, chat\u00b4s, \ngeneradores de blogs, comentarios, redes sociales o cualesquiera otro \nmedio que permita a terceros publicar contenidos de forma independiente \nen la p\u00e1gina web del prestador. No obstante y en cumplimiento de lo \ndispuesto en el art. 11 y 16 de la LSSI-CE, el prestador se pone a \ndisposici\u00f3n de todos los usuarios, autoridades y fuerzas de seguridad, y\n colaborando de forma activa en la retirada o en su caso bloqueo de \ntodos aquellos contenidos que pudieran afectar o contravenir la \nlegislaci\u00f3n nacional, o internacional, derechos de terceros o la moral y\n el orden p\u00fablico. En caso de que el usuario considere que existe en el \nsitio web alg\u00fan contenido que pudiera ser susceptible de esta \nclasificaci\u00f3n, se ruega lo notifique de forma inmediata al administrador\n del sitio web.<\/p>\n\n\n\n<p>Este sitio web ha sido revisado y probado para que funcione \ncorrectamente. En principio, puede garantizarse el correcto \nfuncionamiento los 365 d\u00edas del a\u00f1o, 24 horas al d\u00eda. No obstante, el \nprestador no descarta la posibilidad de que existan ciertos errores de \nprogramaci\u00f3n, o que acontezcan causas de fuerza mayor, cat\u00e1strofes \nnaturales, huelgas, o circunstancias semejantes que hagan imposible el \nacceso a la p\u00e1gina web.<\/p>\n\n\n\n<h2 class=\"has-text-color wp-block-heading\" style=\"color:#000000\">PROTECCI\u00d3N DE DATOS PERSONALES<\/h2>\n\n\n\n<p>El prestador se encuentra profundamente comprometido con el \ncumplimiento de la normativa espa\u00f1ola de protecci\u00f3n de datos de car\u00e1cter\n personal, y garantiza el cumplimiento \u00edntegro de las obligaciones \ndispuestas, as\u00ed como la implementaci\u00f3n de las medidas de seguridad \ndispuestas en el art. 9 de la Ley 15\/1999, de Protecci\u00f3n de Datos de \nCar\u00e1cter Personal (LOPD) y en el Reglamento de Desarrollo de la LOPD.<\/p>\n\n\n\n<h2 class=\"has-text-color wp-block-heading\" style=\"color:#000000\">PROPIEDAD INTELECTUAL E INDUSTRIAL<\/h2>\n\n\n\n<p>El sitio web, incluyendo a t\u00edtulo enunciativo pero no limitativo su \nprogramaci\u00f3n, edici\u00f3n, compilaci\u00f3n y dem\u00e1s elementos necesarios para su \nfuncionamiento, los dise\u00f1os, logotipos, texto y\/o gr\u00e1ficos son propiedad\n del prestador o en su caso dispone de licencia o autorizaci\u00f3n expresa \npor parte de los autores. Todos los contenidos del sitio web se \nencuentran debidamente protegidos por la normativa de propiedad \nintelectual e industrial, as\u00ed como inscritos en los registros p\u00fablicos \ncorrespondientes.<\/p>\n\n\n\n<p>Independientemente de la finalidad para la que fueran destinados, la \nreproducci\u00f3n total o parcial, uso, explotaci\u00f3n, distribuci\u00f3n y \ncomercializaci\u00f3n, requiere en todo caso de la autorizaci\u00f3n escrita \nprevia por parte del prestador. Cualquier uso no autorizado previamente \npor parte del prestador ser\u00e1 considerado un incumplimiento grave de los \nderechos de propiedad intelectual o industrial del autor.<\/p>\n\n\n\n<p>Los dise\u00f1os, logotipos, texto y\/o gr\u00e1ficos ajenos al prestador y que \npudieran aparecer en el sitio web, pertenecen a sus respectivos \npropietarios, siendo ellos mismos responsables de cualquier posible \ncontroversia que pudiera suscitarse respecto a los mismos. En todo caso,\n el prestador cuenta con la autorizaci\u00f3n expresa y previa por parte de \nlos mismos.<\/p>\n\n\n\n<p>El prestador reconoce a favor de sus titulares los correspondientes \nderechos de propiedad industrial e intelectual, no implicando su sola \nmenci\u00f3n o aparici\u00f3n en el sitio web la existencia de derechos o \nresponsabilidad alguna del prestador sobre los mismos, como tampoco \nrespaldo, patrocinio o recomendaci\u00f3n por parte del mismo.<\/p>\n\n\n\n<p>Para realizar cualquier tipo de observaci\u00f3n respecto a posibles \nincumplimientos de los derechos de propiedad intelectual o industrial, \nas\u00ed como sobre cualquiera de los contenidos del sitio web, puede hacerlo\n a trav\u00e9s del siguiente correo electr\u00f3nico.<\/p>\n\n\n\n<h2 class=\"has-text-color wp-block-heading\" style=\"color:#000000\">LEY APLICABLE Y JURISDICCI\u00d3N<\/h2>\n\n\n\n<p>Para la resoluci\u00f3n de todas las controversias o cuestiones \nrelacionadas con el presente sitio web o de las actividades en \u00e9l \ndesarrolladas, ser\u00e1 de aplicaci\u00f3n la legislaci\u00f3n espa\u00f1ola, a la que se \nsometen expresamente las partes, siendo competentes para la resoluci\u00f3n \nde todos los conflictos.<\/p>\n<\/div><\/div>\n","protected":false},"excerpt":{"rendered":"<p>OBJETO El prestador, responsable del sitio web, pone a  [&hellip;]<\/p>\n","protected":false},"author":2,"featured_media":0,"parent":0,"menu_order":0,"comment_status":"closed","ping_status":"closed","template":"page-sin-titulo.php","meta":{"_acf_changed":false,"footnotes":""},"class_list":["post-615","page","type-page","status-publish","hentry"],"acf":[],"yoast_head":"<!-- This site is optimized with the Yoast SEO plugin v27.2 - https:\/\/yoast.com\/product\/yoast-seo-wordpress\/ -->\n<title>Aviso Legal - Ragui<\/title>\n<meta name=\"robots\" content=\"index, follow, max-snippet:-1, max-image-preview:large, max-video-preview:-1\" \/>\n<link rel=\"canonical\" href=\"https:\/\/ragui.com\/zh-hans\/aviso-legal\/\" \/>\n<meta property=\"og:locale\" content=\"zh_CN\" \/>\n<meta property=\"og:type\" content=\"article\" \/>\n<meta property=\"og:title\" content=\"Aviso Legal - Ragui\" \/>\n<meta property=\"og:description\" content=\"OBJETO El prestador, responsable del sitio web, pone a [&hellip;]\" \/>\n<meta property=\"og:url\" content=\"https:\/\/ragui.com\/zh-hans\/aviso-legal\/\" \/>\n<meta property=\"og:site_name\" content=\"Ragui\" \/>\n<meta property=\"article:modified_time\" content=\"2020-06-05T11:03:32+00:00\" \/>\n<meta name=\"twitter:card\" content=\"summary_large_image\" \/>\n<meta name=\"twitter:label1\" content=\"\u9884\u8ba1\u9605\u8bfb\u65f6\u95f4\" \/>\n\t<meta name=\"twitter:data1\" content=\"5 \u5206\" \/>\n<script type=\"application\/ld+json\" class=\"yoast-schema-graph\">{\"@context\":\"https:\/\/schema.org\",\"@graph\":[{\"@type\":\"WebPage\",\"@id\":\"https:\/\/ragui.com\/zh-hans\/aviso-legal\/\",\"url\":\"https:\/\/ragui.com\/zh-hans\/aviso-legal\/\",\"name\":\"Aviso Legal - Ragui\",\"isPartOf\":{\"@id\":\"https:\/\/ragui.com\/zh-hans\/#website\"},\"datePublished\":\"2020-06-05T11:03:31+00:00\",\"dateModified\":\"2020-06-05T11:03:32+00:00\",\"breadcrumb\":{\"@id\":\"https:\/\/ragui.com\/zh-hans\/aviso-legal\/#breadcrumb\"},\"inLanguage\":\"zh-Hans\",\"potentialAction\":[{\"@type\":\"ReadAction\",\"target\":[\"https:\/\/ragui.com\/zh-hans\/aviso-legal\/\"]}]},{\"@type\":\"BreadcrumbList\",\"@id\":\"https:\/\/ragui.com\/zh-hans\/aviso-legal\/#breadcrumb\",\"itemListElement\":[{\"@type\":\"ListItem\",\"position\":1,\"name\":\"Home\",\"item\":\"https:\/\/ragui.com\/zh-hans\/\"},{\"@type\":\"ListItem\",\"position\":2,\"name\":\"Aviso Legal\"}]},{\"@type\":\"WebSite\",\"@id\":\"https:\/\/ragui.com\/zh-hans\/#website\",\"url\":\"https:\/\/ragui.com\/zh-hans\/\",\"name\":\"Ragui\",\"description\":\"C\u00e1talogo de joyas\",\"potentialAction\":[{\"@type\":\"SearchAction\",\"target\":{\"@type\":\"EntryPoint\",\"urlTemplate\":\"https:\/\/ragui.com\/zh-hans\/?s={search_term_string}\"},\"query-input\":{\"@type\":\"PropertyValueSpecification\",\"valueRequired\":true,\"valueName\":\"search_term_string\"}}],\"inLanguage\":\"zh-Hans\"}]}<\/script>\n<!-- \/ Yoast SEO plugin. -->","yoast_head_json":{"title":"Aviso Legal - Ragui","robots":{"index":"index","follow":"follow","max-snippet":"max-snippet:-1","max-image-preview":"max-image-preview:large","max-video-preview":"max-video-preview:-1"},"canonical":"https:\/\/ragui.com\/zh-hans\/aviso-legal\/","og_locale":"zh_CN","og_type":"article","og_title":"Aviso Legal - Ragui","og_description":"OBJETO El prestador, responsable del sitio web, pone a [&hellip;]","og_url":"https:\/\/ragui.com\/zh-hans\/aviso-legal\/","og_site_name":"Ragui","article_modified_time":"2020-06-05T11:03:32+00:00","twitter_card":"summary_large_image","twitter_misc":{"\u9884\u8ba1\u9605\u8bfb\u65f6\u95f4":"5 \u5206"},"schema":{"@context":"https:\/\/schema.org","@graph":[{"@type":"WebPage","@id":"https:\/\/ragui.com\/zh-hans\/aviso-legal\/","url":"https:\/\/ragui.com\/zh-hans\/aviso-legal\/","name":"Aviso Legal - Ragui","isPartOf":{"@id":"https:\/\/ragui.com\/zh-hans\/#website"},"datePublished":"2020-06-05T11:03:31+00:00","dateModified":"2020-06-05T11:03:32+00:00","breadcrumb":{"@id":"https:\/\/ragui.com\/zh-hans\/aviso-legal\/#breadcrumb"},"inLanguage":"zh-Hans","potentialAction":[{"@type":"ReadAction","target":["https:\/\/ragui.com\/zh-hans\/aviso-legal\/"]}]},{"@type":"BreadcrumbList","@id":"https:\/\/ragui.com\/zh-hans\/aviso-legal\/#breadcrumb","itemListElement":[{"@type":"ListItem","position":1,"name":"Home","item":"https:\/\/ragui.com\/zh-hans\/"},{"@type":"ListItem","position":2,"name":"Aviso Legal"}]},{"@type":"WebSite","@id":"https:\/\/ragui.com\/zh-hans\/#website","url":"https:\/\/ragui.com\/zh-hans\/","name":"Ragui","description":"C\u00e1talogo de joyas","potentialAction":[{"@type":"SearchAction","target":{"@type":"EntryPoint","urlTemplate":"https:\/\/ragui.com\/zh-hans\/?s={search_term_string}"},"query-input":{"@type":"PropertyValueSpecification","valueRequired":true,"valueName":"search_term_string"}}],"inLanguage":"zh-Hans"}]}},"jetpack_sharing_enabled":true,"_links":{"self":[{"href":"https:\/\/ragui.com\/zh-hans\/wp-json\/wp\/v2\/pages\/615","targetHints":{"allow":["GET"]}}],"collection":[{"href":"https:\/\/ragui.com\/zh-hans\/wp-json\/wp\/v2\/pages"}],"about":[{"href":"https:\/\/ragui.com\/zh-hans\/wp-json\/wp\/v2\/types\/page"}],"author":[{"embeddable":true,"href":"https:\/\/ragui.com\/zh-hans\/wp-json\/wp\/v2\/users\/2"}],"replies":[{"embeddable":true,"href":"https:\/\/ragui.com\/zh-hans\/wp-json\/wp\/v2\/comments?post=615"}],"version-history":[{"count":1,"href":"https:\/\/ragui.com\/zh-hans\/wp-json\/wp\/v2\/pages\/615\/revisions"}],"predecessor-version":[{"id":617,"href":"https:\/\/ragui.com\/zh-hans\/wp-json\/wp\/v2\/pages\/615\/revisions\/617"}],"wp:attachment":[{"href":"https:\/\/ragui.com\/zh-hans\/wp-json\/wp\/v2\/media?parent=615"}],"curies":[{"name":"wp","href":"https:\/\/api.w.org\/{rel}","templated":true}]}}